{"id":3,"date":"2018-11-17T15:57:03","date_gmt":"2018-11-17T15:57:03","guid":{"rendered":"https:\/\/das-shiatsu-zimmer.de\/?page_id=3"},"modified":"2022-06-02T19:43:11","modified_gmt":"2022-06-02T17:43:11","slug":"datenschutz","status":"publish","type":"page","link":"https:\/\/das-shiatsu-zimmer.de\/en\/datenschutz\/","title":{"rendered":"data protection"},"content":{"rendered":"<div class=\"brz-root__container brz-reset-all\">\n<section data-uid=\"gqxjadeycq\" id=\"gqxjadeycq\" class=\"brz-section brz-css-jztzj\">\n<div class=\"brz-section__content brz-section--boxed brz-css-fepmg brz-css-jllfa\" data-custom-id=\"aexgycgnsu\">\n<div class=\"brz-bg\">\n<div class=\"brz-bg-color\"><\/div>\n<\/div>\n<div class=\"brz-container brz-css-gzklz\">\n<div class=\"brz-row__container brz-css-oazqi\" data-custom-id=\"skmjtcpmoz\">\n<div class=\"brz-row brz-css-byeoy\">\n<div class=\"brz-columns brz-css-jzhjz brz-css-iejyl\" data-custom-id=\"dbsdfkemwz\">\n<div class=\"brz-column__items brz-css-tayme brz-css-vpfec\">\n<div class=\"brz-wrapper-clone brz-css-lbqrv\">\n<div class=\"brz-d-xs-flex brz-flex-xs-wrap brz-css-ygsmv brz-css-syftz\">\n<div class=\"brz-wrapper-clone__item brz-css-srldl\" id=\"frsyutmmvx\"><a class=\"brz-a brz-btn brz-css-yxoum brz-css-wrfae\" href=\"\/en\/\" data-brz-link-type=\"external\" id data-custom-id=\"frsyutmmvx\"><span class=\"brz-span brz-text__editor\">BACK<\/span><\/a><\/div>\n<\/div>\n<\/div>\n<div class=\"brz-css-qiaug brz-css-nbohk brz-wrapper\">\n<div class=\"brz-spacer brz-css-igvvr brz-css-tkewf\"><\/div>\n<\/div>\n<div class=\"brz-css-qiaug brz-wrapper\">\n<div class=\"brz-rich-text brz-rich-text__custom brz-css-aywef\" data-custom-id=\"qrorqzqnis\">\n<div>\n<p class=\"brz-css-idauf\"><span class=\"brz-cp-color7\">data protection<\/span><\/p>\n<\/div>\n<\/div>\n<\/div>\n<\/div>\n<\/div>\n<\/div>\n<\/div>\n<\/div>\n<\/div>\n<\/section>\n<section data-uid=\"ybmhzkqwwo\" id=\"ybmhzkqwwo\" class=\"brz-section brz-css-jztzj\">\n<div class=\"brz-section__content brz-section--fullWidth brz-css-fepmg brz-css-ixrgm\" data-custom-id=\"ynqontalua\">\n<div class=\"brz-bg\">\n<div class=\"brz-bg-color\"><\/div>\n<\/div>\n<div class=\"brz-container brz-css-gzklz brz-css-nrhpb\"><\/div>\n<\/div>\n<\/section>\n<section data-uid=\"dopkniypjg\" id=\"dopkniypjg\" class=\"brz-section brz-css-jztzj\">\n<div class=\"brz-section__content brz-section--boxed brz-css-fepmg brz-css-nwsyp\" data-custom-id=\"mssumusmnd\">\n<div class=\"brz-container brz-css-gzklz\">\n<div class=\"brz-row__container brz-css-oazqi\" data-custom-id=\"lmsehlzksl\">\n<div class=\"brz-row brz-css-byeoy\">\n<div class=\"brz-columns brz-css-jzhjz brz-css-ctevx\" data-custom-id=\"rcefsubfwl\">\n<div class=\"brz-column__items brz-css-tayme\">\n<div class=\"brz-css-qiaug brz-wrapper\">\n<div class=\"brz-rich-text brz-rich-text__custom brz-css-aywef\" data-custom-id=\"qwzpjzlzdr\">\n<div>\n<p class=\"brz-css-zewat\"><span class=\"brz-cp-color7\">Responsible body in the sense of the data protection laws, in particular the EU data protection basic regulation (DSGVO), is:<\/span><\/p>\n<\/div>\n<\/div>\n<\/div>\n<div class=\"brz-css-qiaug brz-wrapper\">\n<div class=\"brz-rich-text brz-rich-text__custom brz-css-aywef\" data-custom-id=\"nuxljwwxqg\">\n<div>\n<p class=\"brz-css-ivqrj\"><span class=\"brz-cp-color7\">The shiatsu room<\/span><\/p>\n<p class=\"brz-css-zgywf\"><span class=\"brz-cp-color7\">Caroline Decosters\u00a0<\/span><\/p>\n<p class=\"brz-css-nrqtj\"><span class=\"brz-cp-color7\">Dietrich-Bonhoeffer-Strasse 11<\/span><\/p>\n<p class=\"brz-css-nzbno\"><span class=\"brz-cp-color7\">10407 Berlin<\/span><\/p>\n<\/div>\n<\/div>\n<\/div>\n<\/div>\n<\/div>\n<\/div>\n<\/div>\n<\/div>\n<\/div>\n<\/section>\n<section data-uid=\"hfcmnalhru\" id=\"hfcmnalhru\" class=\"brz-section brz-css-jztzj\">\n<div class=\"brz-section__content brz-section--boxed brz-css-fepmg brz-css-nanmq\" data-custom-id=\"gqgtwgksho\">\n<div class=\"brz-container brz-css-gzklz\">\n<div class=\"brz-row__container brz-css-oazqi\" data-custom-id=\"rsxtirxpky\">\n<div class=\"brz-row brz-css-byeoy\">\n<div class=\"brz-columns brz-css-jzhjz brz-css-vzxrv\" data-custom-id=\"ylqalojklz\">\n<div class=\"brz-column__items brz-css-tayme\">\n<div class=\"brz-css-qiaug brz-wrapper\">\n<div class=\"brz-rich-text brz-rich-text__custom brz-css-aywef\" data-custom-id=\"yebetfwvky\">\n<div>\n<p class=\"brz-css-sokbc\"><span class=\"brz-cp-color7\">Your victims rights<\/span><\/p>\n<\/div>\n<\/div>\n<\/div>\n<div class=\"brz-css-qiaug brz-wrapper\">\n<div class=\"brz-rich-text brz-rich-text__custom brz-css-aywef\" data-custom-id=\"thtkwobxzr\">\n<div>\n<p class=\"brz-css-efbkv\"><span class=\"brz-cp-color7\">You can always exercise the following rights under the contact details of our data protection officer:<\/span><\/p>\n<\/div>\n<\/div>\n<\/div>\n<div class=\"brz-css-qiaug brz-wrapper\">\n<div class=\"brz-rich-text brz-rich-text__custom brz-css-aywef\" data-custom-id=\"drpiwkfqri\">\n<div>\n<ul>\n<li class=\"brz-css-tcxws\"><span class=\"brz-cp-color7\">Information about your stored data and their processing,<\/span><\/li>\n<li class=\"brz-css-gyayh\"><span class=\"brz-cp-color7\">Correction of incorrect personal data,<\/span><\/li>\n<li class=\"brz-css-osprs\"><span class=\"brz-cp-color7\">Deletion of your stored data,<\/span><\/li>\n<li class=\"brz-css-lgnso\"><span class=\"brz-cp-color7\">Restriction of data processing,\u00a0<\/span><\/li>\n<li class=\"brz-css-xpxso\"><span class=\"brz-cp-color7\">if we are not yet allowed to delete your data due to legal obligations,<\/span><\/li>\n<li class=\"brz-css-aosyt\"><span class=\"brz-cp-color7\">Objection to the processing of your data by us and<\/span><\/li>\n<li class=\"brz-css-zwmty\"><span class=\"brz-cp-color7\">Data portability, if you have consented to the data processing or have signed a contract with us.<\/span><\/li>\n<\/ul>\n<\/div>\n<\/div>\n<\/div>\n<div class=\"brz-css-qiaug brz-wrapper\">\n<div class=\"brz-rich-text brz-rich-text__custom brz-css-aywef\" data-custom-id=\"bduffhzrgv\">\n<div>\n<p class=\"brz-css-egndd\"><span class=\"brz-cp-color7\">If you have given us your consent, you can revoke it at any time with effect for the future.<\/span><\/p>\n<\/div>\n<\/div>\n<\/div>\n<div class=\"brz-css-qiaug brz-wrapper\">\n<div class=\"brz-rich-text brz-rich-text__custom brz-css-aywef\" data-custom-id=\"pcwozvkhcm\">\n<div>\n<p class=\"brz-css-csqlu\"><span class=\"brz-cp-color7\">You can always contact the supervisory authority responsible for you with a complaint. Your competent supervisory authority depends on the state of your domicile, your work or the alleged infringement. A list of non-public-sector supervisory authorities can be found at:\u00a0<\/span><a href=\"https:\/\/www.bfdi.bund.de\/DE\/Infothek\/Anschriften_Links\/anschriften_links-node.html\" class=\"brz-cp-color7 link--external\" data-brz-link-type=\"external\">https:\/\/www.bfdi.bund.de\/DE\/Infothek\/Anschriften_Links\/anschriften_links-node.html<\/a><span class=\"brz-cp-color7\">.<\/span><\/p>\n<\/div>\n<\/div>\n<\/div>\n<\/div>\n<\/div>\n<\/div>\n<\/div>\n<\/div>\n<\/div>\n<\/section>\n<section data-uid=\"kfyfhrhrzw\" id=\"kfyfhrhrzw\" class=\"brz-section brz-css-jztzj\">\n<div class=\"brz-section__content brz-section--boxed brz-css-fepmg brz-css-tgjeo\" data-custom-id=\"kqpkyxzahm\">\n<div class=\"brz-container brz-css-gzklz\">\n<div class=\"brz-row__container brz-css-oazqi\" data-custom-id=\"vbgoppxutt\">\n<div class=\"brz-row brz-css-byeoy\">\n<div class=\"brz-columns brz-css-jzhjz brz-css-zsnhn\" data-custom-id=\"nwhjcvoatr\">\n<div class=\"brz-column__items brz-css-tayme\">\n<div class=\"brz-css-qiaug brz-wrapper\">\n<div class=\"brz-rich-text brz-rich-text__custom brz-css-aywef\" data-custom-id=\"iqziattmum\">\n<div>\n<p class=\"brz-css-uokhi\"><span class=\"brz-cp-color7\">Purposes of data processing by the responsible body and third parties<\/span><\/p>\n<\/div>\n<\/div>\n<\/div>\n<div class=\"brz-css-qiaug brz-wrapper\">\n<div class=\"brz-rich-text brz-rich-text__custom brz-css-aywef\" data-custom-id=\"gfsjtzfchr\">\n<div>\n<p class=\"brz-css-dlhal\"><span class=\"brz-cp-color7\">We process your personal data only for the purposes stated in this privacy policy. A transfer of your personal data to third parties for purposes other than those mentioned does not take place. We only share your personal information with third parties if:<\/span><\/p>\n<\/div>\n<\/div>\n<\/div>\n<div class=\"brz-css-qiaug brz-wrapper\">\n<div class=\"brz-rich-text brz-rich-text__custom brz-css-aywef\" data-custom-id=\"eicnrppsce\">\n<div>\n<ul>\n<li class=\"brz-css-zkikk\"><span class=\"brz-cp-color7\">You have given your express consent to<\/span><\/li>\n<li class=\"brz-css-myotj\"><span class=\"brz-cp-color7\">the processing is required to complete a contract with you,<\/span><\/li>\n<li class=\"brz-css-rersw\"><span class=\"brz-cp-color7\">the processing is necessary to fulfill a legal obligation,<\/span><\/li>\n<\/ul>\n<\/div>\n<\/div>\n<\/div>\n<div class=\"brz-css-qiaug brz-wrapper\">\n<div class=\"brz-rich-text brz-rich-text__custom brz-css-aywef\" data-custom-id=\"jwqpjwtxkw\">\n<div>\n<p class=\"brz-css-gbvyp\"><span class=\"brz-cp-color7\">processing is necessary to protect legitimate interests and there is no reason to believe that you have an overriding legitimate interest in not disclosing your information.<\/span><\/p>\n<\/div>\n<\/div>\n<\/div>\n<\/div>\n<\/div>\n<\/div>\n<\/div>\n<\/div>\n<\/div>\n<\/section>\n<section data-uid=\"dqoviflylk\" id=\"dqoviflylk\" class=\"brz-section brz-css-jztzj\">\n<div class=\"brz-section__content brz-section--boxed brz-css-fepmg brz-css-plges\" data-custom-id=\"bdpobkdjyq\">\n<div class=\"brz-container brz-css-gzklz\">\n<div class=\"brz-row__container brz-css-oazqi\" data-custom-id=\"amyjrkcrve\">\n<div class=\"brz-row brz-css-byeoy\">\n<div class=\"brz-columns brz-css-jzhjz brz-css-wjium\" data-custom-id=\"qhoesxawlm\">\n<div class=\"brz-column__items brz-css-tayme\">\n<div class=\"brz-css-qiaug brz-wrapper\">\n<div class=\"brz-rich-text brz-rich-text__custom brz-css-aywef\" data-custom-id=\"pmmwjxdemy\">\n<div>\n<p class=\"brz-css-pemyq\"><span class=\"brz-cp-color7\">Collecting general information when visiting our website<\/span><\/p>\n<\/div>\n<\/div>\n<\/div>\n<div class=\"brz-css-qiaug brz-wrapper\">\n<div class=\"brz-rich-text brz-rich-text__custom brz-css-aywef\" data-custom-id=\"espyhkxqcs\">\n<div>\n<p class=\"brz-css-xcapr\"><span class=\"brz-cp-color7\">When you access our website, a cookie automatically records information of a general nature. This information (server log files) contains about the type of web browser, the operating system used, the domain name of your Internet service provider and the like. This is only information that does not allow conclusions about your person.<\/span><\/p>\n<\/div>\n<\/div>\n<\/div>\n<div class=\"brz-css-qiaug brz-wrapper\">\n<div class=\"brz-rich-text brz-rich-text__custom brz-css-aywef\" data-custom-id=\"zuecsqfwsg\">\n<div>\n<p class=\"brz-css-elhzl\"><span class=\"brz-cp-color7\">This information is technically necessary to correctly deliver the contents of web pages requested by you and is mandatory when using the internet. They are processed in particular for the following purposes:<\/span><\/p>\n<\/div>\n<\/div>\n<\/div>\n<div class=\"brz-css-qiaug brz-wrapper\">\n<div class=\"brz-rich-text brz-rich-text__custom brz-css-aywef\" data-custom-id=\"agfhajsley\">\n<div>\n<ul>\n<li class=\"brz-css-kbeqb\"><span class=\"brz-cp-color7\">Ensuring a hassle-free connection of the website,<\/span><\/li>\n<li class=\"brz-css-nlesc\"><span class=\"brz-cp-color7\">Ensuring a smooth use of our website,<\/span><\/li>\n<li class=\"brz-css-wgslg\"><span class=\"brz-cp-color7\">Evaluation of system security and stability as well<\/span><\/li>\n<li class=\"brz-css-zarkb\"><span class=\"brz-cp-color7\">for further administrative purposes.\u00a0<\/span><\/li>\n<\/ul>\n<\/div>\n<\/div>\n<\/div>\n<div class=\"brz-css-qiaug brz-wrapper\">\n<div class=\"brz-rich-text brz-rich-text__custom brz-css-aywef\" data-custom-id=\"ofltlarxdx\">\n<div>\n<p class=\"brz-css-hirgj\"><span class=\"brz-cp-color7\">The processing of your personal data is based on our legitimate interest for the purposes mentioned above for collecting data. We do not use your information to draw conclusions about you. The recipient of the data is only the responsible body and possibly the processor.<\/span><\/p>\n<\/div>\n<\/div>\n<\/div>\n<div class=\"brz-css-qiaug brz-wrapper\">\n<div class=\"brz-rich-text brz-rich-text__custom brz-css-aywef\" data-custom-id=\"eyjjvulmnr\">\n<div>\n<p class=\"brz-css-iewrg\"><span class=\"brz-cp-color7\">Anonymous information of this kind may be statistically evaluated by us to optimize our website and the underlying technology.<\/span><\/p>\n<\/div>\n<\/div>\n<\/div>\n<\/div>\n<\/div>\n<\/div>\n<\/div>\n<\/div>\n<\/div>\n<\/section>\n<section data-uid=\"cfodrrvsrq\" id=\"cfodrrvsrq\" class=\"brz-section brz-css-jztzj\">\n<div class=\"brz-section__content brz-section--boxed brz-css-fepmg brz-css-elkpv\" data-custom-id=\"olldbpcfyl\">\n<div class=\"brz-container brz-css-gzklz\">\n<div class=\"brz-row__container brz-css-oazqi\" data-custom-id=\"hbivpnqhoc\">\n<div class=\"brz-row brz-css-byeoy\">\n<div class=\"brz-columns brz-css-jzhjz brz-css-ndhdy\" data-custom-id=\"cfdgfiuzth\">\n<div class=\"brz-column__items brz-css-tayme\">\n<div class=\"brz-css-qiaug brz-wrapper\">\n<div class=\"brz-rich-text brz-rich-text__custom brz-css-aywef\" data-custom-id=\"etpbadubdp\">\n<div>\n<p class=\"brz-css-ahpox\"><span class=\"brz-cp-color7\">SSL encryption<\/span><\/p>\n<\/div>\n<\/div>\n<\/div>\n<div class=\"brz-css-qiaug brz-wrapper\">\n<div class=\"brz-rich-text brz-rich-text__custom brz-css-aywef\" data-custom-id=\"qqrfllwygy\">\n<div>\n<p class=\"brz-css-oezlk\"><span class=\"brz-cp-color7\">To protect the security of your data during transmission, we use state-of-the-art encryption techniques (such as SSL) over HTTPS.<\/span><\/p>\n<\/div>\n<\/div>\n<\/div>\n<\/div>\n<\/div>\n<\/div>\n<\/div>\n<\/div>\n<\/div>\n<\/section>\n<section data-uid=\"vfkptpjrbn\" id=\"vfkptpjrbn\" class=\"brz-section brz-css-jztzj\">\n<div class=\"brz-section__content brz-section--boxed brz-css-fepmg brz-css-rwvzp\" data-custom-id=\"azwlbruzpc\">\n<div class=\"brz-container brz-css-gzklz\">\n<div class=\"brz-row__container brz-css-oazqi\" data-custom-id=\"vohazsiztu\">\n<div class=\"brz-row brz-css-byeoy\">\n<div class=\"brz-columns brz-css-jzhjz brz-css-eptgt\" data-custom-id=\"lnxoikdpsk\">\n<div class=\"brz-column__items brz-css-tayme\">\n<div class=\"brz-css-qiaug brz-wrapper\">\n<div class=\"brz-rich-text brz-rich-text__custom brz-css-aywef\" data-custom-id=\"wueyxphguy\">\n<div>\n<p class=\"brz-css-tnwtn\"><span class=\"brz-cp-color7\">Using script libraries (Google Webfonts)<\/span><\/p>\n<\/div>\n<\/div>\n<\/div>\n<div class=\"brz-css-qiaug brz-wrapper\">\n<div class=\"brz-rich-text brz-rich-text__custom brz-css-aywef\" data-custom-id=\"pdttcckkxd\">\n<div>\n<p class=\"brz-css-jmvvv\"><span class=\"brz-cp-color7\">In order to render our content correctly and visually appealing across browsers, we use script libraries and font libraries on this website. For example, Google Webfonts (https:\/\/www.google.com\/webfonts\/). Google web fonts are transferred to the cache of your browser to prevent multiple loading. If the browser does not support Google Web fonts or prohibits access, content will be displayed in a standard font.<\/span><\/p>\n<\/div>\n<\/div>\n<\/div>\n<div class=\"brz-css-qiaug brz-wrapper\">\n<div class=\"brz-rich-text brz-rich-text__custom brz-css-aywef\" data-custom-id=\"cjyvlvfddu\">\n<div>\n<p class=\"brz-css-mlevx\"><span class=\"brz-cp-color7\">The call of script libraries or font libraries automatically triggers a connection to the operator of the library. It is theoretically possible - but currently also unclear whether and if so for what purposes - that operators of such libraries collect data.<\/span><\/p>\n<\/div>\n<\/div>\n<\/div>\n<div class=\"brz-css-qiaug brz-wrapper\">\n<div class=\"brz-rich-text brz-rich-text__custom brz-css-aywef\" data-custom-id=\"dbvudczdvi\">\n<div>\n<p class=\"brz-css-sjtln\"><span class=\"brz-cp-color7\">The privacy policy of the library operator Google can be found here: https:\/\/www.google.com\/policies\/privacy\/<\/span><\/p>\n<\/div>\n<\/div>\n<\/div>\n<\/div>\n<\/div>\n<\/div>\n<\/div>\n<\/div>\n<\/div>\n<\/section>\n<section data-uid=\"calviithgk\" id=\"calviithgk\" class=\"brz-section brz-css-jztzj\">\n<div class=\"brz-section__content brz-section--boxed brz-css-fepmg brz-css-sivsf\" data-custom-id=\"rkcfeekbty\">\n<div class=\"brz-container brz-css-gzklz\">\n<div class=\"brz-row__container brz-css-oazqi\" data-custom-id=\"tnmvixvjca\">\n<div class=\"brz-row brz-css-byeoy\">\n<div class=\"brz-columns brz-css-jzhjz brz-css-qaizx\" data-custom-id=\"pprwqolidf\">\n<div class=\"brz-column__items brz-css-tayme\">\n<div class=\"brz-css-qiaug brz-wrapper\">\n<div class=\"brz-rich-text brz-rich-text__custom brz-css-aywef\" data-custom-id=\"kjondvmqer\">\n<div>\n<p class=\"brz-css-nhver\"><span class=\"brz-cp-color7\">Embedded YouTube videos<\/span><\/p>\n<\/div>\n<\/div>\n<\/div>\n<div class=\"brz-css-qiaug brz-wrapper\">\n<div class=\"brz-rich-text brz-rich-text__custom brz-css-aywef\" data-custom-id=\"awxsdobfcc\">\n<div>\n<p class=\"brz-css-dyrxv\"><span class=\"brz-cp-color7\">On some of our websites, we embed Youtube videos. The operator of the plug-ins is YouTube, LLC, 901 Cherry Ave., San Bruno, CA 94066, USA. When you visit a page with the YouTube plug-in, it will connect to Youtube&#039;s servers. Youtube will be informed, which pages you visit. If you are logged into your Youtube account, Youtube can assign your surfing behavior to you personally. This can be prevented by logging out of your Youtube account beforehand.<\/span><\/p>\n<\/div>\n<\/div>\n<\/div>\n<div class=\"brz-css-qiaug brz-wrapper\">\n<div class=\"brz-rich-text brz-rich-text__custom brz-css-aywef\" data-custom-id=\"rifinxefkr\">\n<div>\n<p class=\"brz-css-epgih\"><span class=\"brz-cp-color7\">If a Youtube video is started, the provider uses cookies that collect information about user behavior.<\/span><\/p>\n<\/div>\n<\/div>\n<\/div>\n<div class=\"brz-css-qiaug brz-wrapper\">\n<div class=\"brz-rich-text brz-rich-text__custom brz-css-aywef\" data-custom-id=\"jnttbovrkl\">\n<div>\n<p class=\"brz-css-qlvct\"><span class=\"brz-cp-color7\">Anyone who has disabled the storage of cookies for the Google Ad program will not have to expect any such cookies even when watching YouTube videos. Youtube also stores non-personal usage information in other cookies. If you want to prevent this, you must block the storage of cookies in the browser.<\/span><\/p>\n<\/div>\n<\/div>\n<\/div>\n<div class=\"brz-css-qiaug brz-wrapper\">\n<div class=\"brz-rich-text brz-rich-text__custom brz-css-aywef\" data-custom-id=\"yvtevbwrbh\">\n<div>\n<p class=\"brz-css-raeti\"><span class=\"brz-cp-color7\">For more information on data protection at &quot;Youtube&quot;, see the provider&#039;s privacy policy at: https:\/\/www.google.com\/intl\/en\/policies\/privacy\/<\/span><\/p>\n<\/div>\n<\/div>\n<\/div>\n<\/div>\n<\/div>\n<\/div>\n<\/div>\n<\/div>\n<\/div>\n<\/section>\n<section data-uid=\"jakkvvnbda\" id=\"jakkvvnbda\" class=\"brz-section brz-css-jztzj\">\n<div class=\"brz-section__content brz-section--boxed brz-css-fepmg brz-css-svqqs\" data-custom-id=\"fqclwhsvqf\">\n<div class=\"brz-container brz-css-gzklz\">\n<div class=\"brz-row__container brz-css-oazqi\" data-custom-id=\"uqxgbtsjeq\">\n<div class=\"brz-row brz-css-byeoy\">\n<div class=\"brz-columns brz-css-jzhjz brz-css-ceuan\" data-custom-id=\"tstlaclaym\">\n<div class=\"brz-column__items brz-css-tayme\">\n<div class=\"brz-css-qiaug brz-wrapper\">\n<div class=\"brz-rich-text brz-rich-text__custom brz-css-aywef\" data-custom-id=\"yxnwulzrwt\">\n<div>\n<p class=\"brz-css-qqovk\"><span class=\"brz-cp-color7\">Change of our privacy policy<\/span><\/p>\n<\/div>\n<\/div>\n<\/div>\n<div class=\"brz-css-qiaug brz-wrapper\">\n<div class=\"brz-rich-text brz-rich-text__custom brz-css-aywef\" data-custom-id=\"oqotfbdisa\">\n<div>\n<p class=\"brz-css-mpzwb\"><span class=\"brz-cp-color7\">We reserve the right to amend this privacy policy to always comply with the current legal requirements or to implement changes to our services in the privacy policy, such as the introduction of new services. Your new visit will be subject to the new privacy policy.<\/span><\/p>\n<\/div>\n<\/div>\n<\/div>\n<div class=\"brz-css-qiaug brz-wrapper\">\n<div class=\"brz-rich-text brz-rich-text__custom brz-css-aywef\" data-custom-id=\"rjhlntybmy\">\n<div>\n<p class=\"brz-css-tzexk\"><span class=\"brz-cp-color7\">If a Youtube video is started, the provider uses cookies that collect information about user behavior.<\/span><\/p>\n<\/div>\n<\/div>\n<\/div>\n<div class=\"brz-css-qiaug brz-wrapper\">\n<div class=\"brz-rich-text brz-rich-text__custom brz-css-aywef\" data-custom-id=\"krjkiqnpgj\">\n<div>\n<p class=\"brz-css-izego\"><span class=\"brz-cp-color7\">Anyone who has disabled the storage of cookies for the Google Ad program will not have to expect any such cookies even when watching YouTube videos. Youtube also stores non-personal usage information in other cookies. If you want to prevent this, you must block the storage of cookies in the browser.<\/span><\/p>\n<\/div>\n<\/div>\n<\/div>\n<div class=\"brz-css-qiaug brz-wrapper\">\n<div class=\"brz-rich-text brz-rich-text__custom brz-css-aywef\" data-custom-id=\"bcaaesvytz\">\n<div>\n<p class=\"brz-css-rwitr\"><span class=\"brz-cp-color7\">For more information on data protection at &quot;Youtube&quot;, see the provider&#039;s privacy policy at: https:\/\/www.google.com\/intl\/en\/policies\/privacy\/<\/span><\/p>\n<\/div>\n<\/div>\n<\/div>\n<\/div>\n<\/div>\n<\/div>\n<\/div>\n<\/div>\n<\/div>\n<\/section>\n<section data-uid=\"ncompxoieh\" id=\"ncompxoieh\" class=\"brz-section brz-css-jztzj\">\n<div class=\"brz-section__content brz-section--boxed brz-css-fepmg brz-css-lshxj\" data-custom-id=\"hysvbeuypv\">\n<div class=\"brz-container brz-css-gzklz\">\n<div class=\"brz-row__container brz-css-oazqi\" data-custom-id=\"nplrficrdp\">\n<div class=\"brz-row brz-css-byeoy\">\n<div class=\"brz-columns brz-css-jzhjz brz-css-pabbo\" data-custom-id=\"zfagtbfvyh\">\n<div class=\"brz-column__items brz-css-tayme\">\n<div class=\"brz-css-qiaug brz-wrapper\">\n<div class=\"brz-rich-text brz-rich-text__custom brz-css-aywef\" data-custom-id=\"kbfgywepmt\">\n<div>\n<p class=\"brz-css-bliph\"><span class=\"brz-cp-color7\">Questions to the data protection officer<\/span><\/p>\n<\/div>\n<\/div>\n<\/div>\n<div class=\"brz-css-qiaug brz-wrapper\">\n<div class=\"brz-rich-text brz-rich-text__custom brz-css-aywef\" data-custom-id=\"zdjtpdfglh\">\n<div>\n<p class=\"brz-css-ijgmv\"><span class=\"brz-cp-color7\">If you have any questions about privacy, please email us or contact the person responsible for data protection in our organization: CAROLINE DECOSTER<\/span><\/p>\n<\/div>\n<\/div>\n<\/div>\n<div class=\"brz-css-qiaug brz-wrapper\">\n<div class=\"brz-rich-text brz-rich-text__custom brz-css-aywef\" data-custom-id=\"ndjvsnzogp\">\n<div>\n<p class=\"brz-css-tfnlj\"><em class=\"brz-cp-color7\">The privacy policy has been with the\u00a0<\/em><a href=\"https:\/\/www.activemind.de\/datenschutz\/datenschutzhinweis-generator\/\" class=\"brz-cp-color7 link--external\" data-brz-link-type=\"external\"><em>Privacy Explanation generator<\/em><\/a><em class=\"brz-cp-color7\"> the activeMind AG created.<\/em><\/p>\n<\/div>\n<\/div>\n<\/div>\n<\/div>\n<\/div>\n<\/div>\n<\/div>\n<\/div>\n<\/div>\n<\/section>\n<section data-uid=\"sukifdjckt\" id=\"sukifdjckt\" class=\"brz-section brz-css-jztzj\">\n<div class=\"brz-section__content brz-section--boxed brz-css-fepmg brz-css-krolt\" data-custom-id=\"bwubzchxsv\">\n<div class=\"brz-container brz-css-gzklz\">\n<div class=\"brz-row__container brz-css-oazqi\" data-custom-id=\"pcoxbjmlrf\">\n<div class=\"brz-row brz-css-byeoy\">\n<div class=\"brz-columns brz-css-jzhjz brz-css-vwspf\" data-custom-id=\"nmadgjjofp\">\n<div class=\"brz-column__items brz-css-tayme\">\n<div class=\"brz-css-qiaug brz-wrapper\">\n<div class=\"brz-rich-text brz-rich-text__custom brz-css-aywef\" data-custom-id=\"skgxdhveky\">\n<div>\n<p class=\"brz-css-lhbvg\"><span class=\"brz-cp-color7\">Embedded content from other websites<\/span><\/p>\n<\/div>\n<\/div>\n<\/div>\n<div class=\"brz-css-qiaug brz-wrapper\">\n<div class=\"brz-rich-text brz-rich-text__custom brz-css-aywef\" data-custom-id=\"xpdzmtiomd\">\n<div>\n<p class=\"brz-css-zulca\"><span class=\"brz-cp-color7\">Posts on this site may contain embedded content (eg, videos, pictures, posts, etc.). Embedded content from other websites behave just as if the visitor had visited the other website.<\/span><\/p>\n<\/div>\n<\/div>\n<\/div>\n<div class=\"brz-css-qiaug brz-wrapper\">\n<div class=\"brz-rich-text brz-rich-text__custom brz-css-aywef\" data-custom-id=\"xggwekuyes\">\n<div>\n<p class=\"brz-css-qabmw\"><span class=\"brz-cp-color7\">These websites may collect data about you, use cookies, embed additional third party tracking services, and record your interaction with this embedded content, including your interaction with the embedded content if you have an account and are logged in to this website.<\/span><\/p>\n<\/div>\n<\/div>\n<\/div>\n<\/div>\n<\/div>\n<\/div>\n<\/div>\n<\/div>\n<\/div>\n<\/section>\n<\/div>\n<p><!-- version:1654191790 --><\/p>","protected":false},"excerpt":{"rendered":"<p>ZUR\u00dcCK Datenschutz Verantwortliche Stelle im Sinne der Datenschutzgesetze, insbesondere der EU-Datenschutzgrundverordnung (DSGVO), ist: Das Shiatsu Zimmer Caroline Decoster\u00a0 Dietrich-Bonhoeffer-Stra\u00dfe 11 10407 Berlin Ihre Betroffenenrechte Unter den angegebenen Kontaktdaten unseres Datenschutzbeauftragten k\u00f6nnen Sie jederzeit folgende Rechte aus\u00fcben: Auskunft \u00fcber Ihre bei uns gespeicherten Daten und deren Verarbeitung, Berichtigung unrichtiger personenbezogener Daten, L\u00f6schung Ihrer bei uns gespeicherten &hellip; <\/p>\n<p class=\"link-more\"><a href=\"https:\/\/das-shiatsu-zimmer.de\/en\/datenschutz\/\" class=\"more-link\">Continue reading<span class=\"screen-reader-text\"> &#8222;Datenschutz&#8220;<\/span><\/a><\/p>","protected":false},"author":1,"featured_media":0,"parent":0,"menu_order":0,"comment_status":"closed","ping_status":"open","template":"brizy-blank-template.php","meta":{"_seopress_robots_primary_cat":"","_seopress_titles_title":"","_seopress_titles_desc":"Informationen zum Datenschutz bei \u00bbDas Shiatsu-Zimmer\u00ab","_seopress_robots_index":""},"_links":{"self":[{"href":"https:\/\/das-shiatsu-zimmer.de\/en\/wp-json\/wp\/v2\/pages\/3"}],"collection":[{"href":"https:\/\/das-shiatsu-zimmer.de\/en\/wp-json\/wp\/v2\/pages"}],"about":[{"href":"https:\/\/das-shiatsu-zimmer.de\/en\/wp-json\/wp\/v2\/types\/page"}],"author":[{"embeddable":true,"href":"https:\/\/das-shiatsu-zimmer.de\/en\/wp-json\/wp\/v2\/users\/1"}],"replies":[{"embeddable":true,"href":"https:\/\/das-shiatsu-zimmer.de\/en\/wp-json\/wp\/v2\/comments?post=3"}],"version-history":[{"count":14,"href":"https:\/\/das-shiatsu-zimmer.de\/en\/wp-json\/wp\/v2\/pages\/3\/revisions"}],"predecessor-version":[{"id":504,"href":"https:\/\/das-shiatsu-zimmer.de\/en\/wp-json\/wp\/v2\/pages\/3\/revisions\/504"}],"wp:attachment":[{"href":"https:\/\/das-shiatsu-zimmer.de\/en\/wp-json\/wp\/v2\/media?parent=3"}],"curies":[{"name":"wp","href":"https:\/\/api.w.org\/{rel}","templated":true}]}}