{"id":83,"date":"2018-11-22T14:41:13","date_gmt":"2018-11-22T13:41:13","guid":{"rendered":"https:\/\/das-shiatsu-zimmer.de\/?page_id=83"},"modified":"2022-06-02T20:02:31","modified_gmt":"2022-06-02T18:02:31","slug":"impressum","status":"publish","type":"page","link":"https:\/\/das-shiatsu-zimmer.de\/en\/impressum\/","title":{"rendered":"imprint"},"content":{"rendered":"<div class=\"brz-root__container brz-reset-all\">\n<section data-uid=\"ytkeitothc\" id=\"ytkeitothc\" class=\"brz-section brz-css-pbgpk\">\n<div class=\"brz-section__content brz-section--boxed brz-css-awmay brz-css-caonz\" data-custom-id=\"yvemlxexyt\">\n<div class=\"brz-bg\">\n<div class=\"brz-bg-color\"><\/div>\n<\/div>\n<div class=\"brz-container brz-css-jhqlf\">\n<div class=\"brz-row__container brz-css-mplmo\" data-custom-id=\"vhqchpooey\">\n<div class=\"brz-row brz-css-semjx\">\n<div class=\"brz-columns brz-css-vaevx brz-css-shqty\" data-custom-id=\"obpmohxzlx\">\n<div class=\"brz-column__items brz-css-vluej\">\n<div class=\"brz-wrapper-clone brz-css-hxctx\">\n<div class=\"brz-d-xs-flex brz-flex-xs-wrap brz-css-mmvyb brz-css-baekr\">\n<div class=\"brz-wrapper-clone__item brz-css-tkemi\" id=\"mfyzxntvrr\"><a class=\"brz-a brz-btn brz-css-sczsj brz-css-cnwjo\" href=\"\/en\/\" data-brz-link-type=\"external\" id data-custom-id=\"mfyzxntvrr\"><span class=\"brz-span brz-text__editor\">BACK<\/span><\/a><\/div>\n<\/div>\n<\/div>\n<div class=\"brz-css-zecjm brz-css-kozxh brz-wrapper\">\n<div class=\"brz-spacer brz-css-udqzs brz-css-ftdlw\"><\/div>\n<\/div>\n<div class=\"brz-css-zecjm brz-wrapper\">\n<div class=\"brz-rich-text brz-rich-text__custom brz-css-zbtdb\" data-custom-id=\"iywlgezvlp\">\n<div>\n<p class=\"brz-css-prdya\"><span class=\"brz-cp-color7\">imprint<\/span><\/p>\n<\/div>\n<\/div>\n<\/div>\n<\/div>\n<\/div>\n<\/div>\n<\/div>\n<div class=\"brz-row__container brz-css-mplmo\" data-custom-id=\"nixqtjvior\">\n<div class=\"brz-row brz-css-semjx\">\n<div class=\"brz-columns brz-css-vaevx\" data-custom-id=\"xqcnupoemn\">\n<div class=\"brz-column__items brz-css-vluej\">\n<div class=\"brz-css-zecjm brz-wrapper\">\n<div class=\"brz-rich-text brz-rich-text__custom brz-css-zbtdb\" data-custom-id=\"vagaptfono\">\n<div>\n<p class=\"brz-css-nxcgt\"><span class=\"brz-cp-color7\">According to \u00a7 5 TMG:<\/span><\/p>\n<\/div>\n<\/div>\n<\/div>\n<div class=\"brz-css-zecjm brz-wrapper\">\n<div class=\"brz-rich-text brz-rich-text__custom brz-css-zbtdb\" data-custom-id=\"uxygtuukkm\">\n<div>\n<p class=\"brz-css-iadfv\"><span class=\"brz-cp-color7\">The shiatsu room<\/span><\/p>\n<p class=\"brz-css-zbfkr\"><span class=\"brz-cp-color7\">Caroline Decosters\u00a0<\/span><\/p>\n<p class=\"brz-css-ajbfr\"><span class=\"brz-cp-color7\">Dietrich-Bonhoeffer-Strasse 11<\/span><\/p>\n<p class=\"brz-css-vqhdf\"><span class=\"brz-cp-color7\">10407 Berlin<\/span><\/p>\n<\/div>\n<\/div>\n<\/div>\n<div class=\"brz-css-zecjm brz-wrapper\">\n<div class=\"brz-rich-text brz-rich-text__custom brz-css-zbtdb\" data-custom-id=\"degwtgycvz\">\n<div>\n<p class=\"brz-css-zdwse\"><span class=\"brz-cp-color7\">Contact<\/span><\/p>\n<\/div>\n<\/div>\n<\/div>\n<div class=\"brz-css-zecjm brz-wrapper\">\n<div class=\"brz-rich-text brz-rich-text__custom brz-css-zbtdb\" data-custom-id=\"opqyvvoiho\">\n<div>\n<p class=\"brz-css-bsmdk\"><span class=\"brz-cp-color7\">Phone:\u00a0<\/span><\/p>\n<p class=\"brz-css-opjax\"><span class=\"brz-cp-color7\">Email: buchung (at) das-shiatsu-zimmer.de<\/span><\/p>\n<\/div>\n<\/div>\n<\/div>\n<\/div>\n<\/div>\n<div class=\"brz-columns brz-css-vaevx\" data-custom-id=\"jbxnbmmqie\">\n<div class=\"brz-column__items brz-css-vluej\">\n<div class=\"brz-css-zecjm brz-wrapper\">\n<div class=\"brz-rich-text brz-rich-text__custom brz-css-zbtdb\" data-custom-id=\"kqixvvqwan\">\n<div>\n<p class=\"brz-css-vjtxk\"><span class=\"brz-cp-color7\">Sales tax identification number according to \u00a727 a sales tax law:<\/span><\/p>\n<\/div>\n<\/div>\n<\/div>\n<div class=\"brz-css-zecjm brz-wrapper\">\n<div class=\"brz-rich-text brz-rich-text__custom brz-css-zbtdb\" data-custom-id=\"ggeyveddsg\">\n<div>\n<p class=\"brz-css-pdfdk\"><span class=\"brz-cp-color7\">DE-123456789<\/span><\/p>\n<\/div>\n<\/div>\n<\/div>\n<div class=\"brz-css-zecjm brz-wrapper\">\n<div class=\"brz-rich-text brz-rich-text__custom brz-css-zbtdb\" data-custom-id=\"carruslasm\">\n<div>\n<p class=\"brz-css-pabaf\"><span class=\"brz-cp-color7\">Responsible for the content according to \u00a7 55 Abs. 2 RStV:<\/span><\/p>\n<\/div>\n<\/div>\n<\/div>\n<div class=\"brz-css-zecjm brz-wrapper\">\n<div class=\"brz-rich-text brz-rich-text__custom brz-css-zbtdb\" data-custom-id=\"oyjbwttlyh\">\n<div>\n<p class=\"brz-css-sahoz\"><span class=\"brz-cp-color7\">The shiatsu room<\/span><\/p>\n<p class=\"brz-css-bsihn\"><span class=\"brz-cp-color7\">Caroline Decosters\u00a0<\/span><\/p>\n<p class=\"brz-css-wjfuc\"><span class=\"brz-cp-color7\">Dietrich-Bonhoeffer-Strasse 11<\/span><\/p>\n<p class=\"brz-css-ixeuq\"><span class=\"brz-cp-color7\">10407 Berlin<\/span><\/p>\n<\/div>\n<\/div>\n<\/div>\n<\/div>\n<\/div>\n<\/div>\n<\/div>\n<\/div>\n<\/div>\n<\/section>\n<section data-uid=\"hmbdoijyvj\" id=\"hmbdoijyvj\" class=\"brz-section brz-css-pbgpk\">\n<div class=\"brz-section__content brz-section--boxed brz-css-awmay\" data-custom-id=\"nuuqxcbizn\">\n<div class=\"brz-container brz-css-jhqlf\">\n<div class=\"brz-row__container brz-css-mplmo\" data-custom-id=\"cvzjlhyrro\">\n<div class=\"brz-row brz-css-semjx\">\n<div class=\"brz-columns brz-css-vaevx brz-css-pnniv\" data-custom-id=\"xeiimyfdzs\">\n<div class=\"brz-column__items brz-css-vluej\">\n<div class=\"brz-css-zecjm brz-wrapper\">\n<div class=\"brz-rich-text brz-rich-text__custom brz-css-zbtdb\" data-custom-id=\"ikfsgtaxef\">\n<div>\n<p class=\"brz-css-mgana\"><span class=\"brz-cp-color7\">Disclaimer:<\/span><\/p>\n<\/div>\n<\/div>\n<\/div>\n<div class=\"brz-css-zecjm brz-wrapper\">\n<div class=\"brz-rich-text brz-rich-text__custom brz-css-zbtdb\" data-custom-id=\"igcmlilqfs\">\n<div>\n<p class=\"brz-css-mrgpn\"><span class=\"brz-cp-color7\">Liability for content<\/span><\/p>\n<\/div>\n<\/div>\n<\/div>\n<div class=\"brz-css-zecjm brz-wrapper\">\n<div class=\"brz-rich-text brz-rich-text__custom brz-css-zbtdb\" data-custom-id=\"zuusuxusku\">\n<div>\n<p class=\"brz-css-xzmjd\"><span class=\"brz-cp-color7\">The contents of our pages were created with great care. For the accuracy, completeness and timeliness of the contents, however, we can not guarantee. As a service provider we are responsible according to \u00a7 7 Abs.1 TMG for own contents on these sides according to the general laws. According to \u00a7\u00a7 8 to 10 TMG, however, we as a service provider are not obliged to monitor transmitted or stored external information or to investigate circumstances that indicate illegal activity. Obligations to remove or block the use of information under general law remain unaffected. However, liability in this regard is only possible from the moment of knowledge of a specific infringement. Upon notification of appropriate violations, we will remove this content immediately.<\/span><\/p>\n<\/div>\n<\/div>\n<\/div>\n<div class=\"brz-css-zecjm brz-wrapper\">\n<div class=\"brz-rich-text brz-rich-text__custom brz-css-zbtdb\" data-custom-id=\"ihahpkqvht\">\n<div>\n<p class=\"brz-css-cdabj\"><span class=\"brz-cp-color7\">Liability for links<\/span><\/p>\n<\/div>\n<\/div>\n<\/div>\n<div class=\"brz-css-zecjm brz-wrapper\">\n<div class=\"brz-rich-text brz-rich-text__custom brz-css-zbtdb\" data-custom-id=\"spznrapcfd\">\n<div>\n<p class=\"brz-css-nkybu\"><span class=\"brz-cp-color7\">Our offer contains links to external websites of third parties on whose contents we have no influence. Therefore we can not assume any liability for these external contents. The content of the linked pages is always the responsibility of the respective provider or operator of the pages. The linked pages were checked for possible legal violations at the time of linking. Illegal content was not recognizable at the time of linking. However, a permanent content control of the linked pages is not reasonable without concrete evidence of a violation of law. Upon notification of violations, we will remove such links immediately.<\/span><\/p>\n<\/div>\n<\/div>\n<\/div>\n<div class=\"brz-css-zecjm brz-wrapper\">\n<div class=\"brz-rich-text brz-rich-text__custom brz-css-zbtdb\" data-custom-id=\"emefpunpue\">\n<div>\n<p class=\"brz-css-szuzy\"><span class=\"brz-cp-color7\">copyright<\/span><\/p>\n<\/div>\n<\/div>\n<\/div>\n<div class=\"brz-css-zecjm brz-wrapper\">\n<div class=\"brz-rich-text brz-rich-text__custom brz-css-zbtdb\" data-custom-id=\"qkjgjzrxhv\">\n<div>\n<p class=\"brz-css-obmkf\"><span class=\"brz-cp-color7\">The content and works on these pages created by the site operators are subject to German copyright law. The duplication, processing, distribution and any kind of exploitation outside the limits of copyright require the written consent of the respective author or creator. Downloads and copies of this site are for private, non-commercial use only. As far as the contents on this side were not created by the operator, the copyrights of third parties are considered. In particular contents of third parties are marked as such. Should you still be aware of a copyright infringement, we ask for a note. Upon notification of violations, we will remove such content immediately.<\/span><\/p>\n<\/div>\n<\/div>\n<\/div>\n<div class=\"brz-css-zecjm brz-wrapper\">\n<div class=\"brz-rich-text brz-rich-text__custom brz-css-zbtdb\" data-custom-id=\"kmcyfjopqo\">\n<div>\n<p class=\"brz-css-hsyev\"><span class=\"brz-cp-color7\">data protection<\/span><\/p>\n<\/div>\n<\/div>\n<\/div>\n<div class=\"brz-css-zecjm brz-wrapper\">\n<div class=\"brz-rich-text brz-rich-text__custom brz-css-zbtdb\" data-custom-id=\"oaymnreynd\">\n<div>\n<p class=\"brz-css-ikjvy\"><span class=\"brz-cp-color7\">Please refer\u00a0<\/span><a href=\"\/en\/datenschutz\/\" class=\"brz-cp-color7 link--external\" data-brz-link-type=\"external\">Data protection<\/a><\/p>\n<\/div>\n<\/div>\n<\/div>\n<\/div>\n<\/div>\n<\/div>\n<\/div>\n<\/div>\n<\/div>\n<\/section>\n<\/div>\n<p><!-- version:1654192951 --><\/p>","protected":false},"excerpt":{"rendered":"<p>ZUR\u00dcCK Impressum Angaben gem\u00e4\u00df \u00a7 5 TMG: Das Shiatsu Zimmer Caroline Decoster\u00a0 Dietrich-Bonhoeffer-Stra\u00dfe 11 10407 Berlin Kontakt Telefon:\u00a0 Email: buchung(at)das-shiatsu-zimmer.de Umsatzsteuer-Identifikationsnummer gem\u00e4\u00df \u00a727 a Umsatzsteuergesetz: DE-123456789 Verantwortlich f\u00fcr den Inhalt nach \u00a7 55 Abs. 2 RStV: Das Shiatsu Zimmer Caroline Decoster\u00a0 Dietrich-Bonhoeffer-Stra\u00dfe 11 10407 Berlin Haftungsausschluss: Haftung f\u00fcr Inhalte Die Inhalte unserer Seiten wurden mit &hellip; <\/p>\n<p class=\"link-more\"><a href=\"https:\/\/das-shiatsu-zimmer.de\/en\/impressum\/\" class=\"more-link\">Continue reading<span class=\"screen-reader-text\"> &#8222;Impressum&#8220;<\/span><\/a><\/p>","protected":false},"author":2,"featured_media":0,"parent":0,"menu_order":0,"comment_status":"closed","ping_status":"closed","template":"brizy-blank-template.php","meta":{"_seopress_robots_primary_cat":"","_seopress_titles_title":"","_seopress_titles_desc":"Diese Seite enth\u00e4lt das Impressum von \u00bbDas Shiatsu-Zimmer\u00ab. Ansprechpartnerinnen sind: Caroline Decoster und Sybille Friedmann in Berlin.","_seopress_robots_index":""},"_links":{"self":[{"href":"https:\/\/das-shiatsu-zimmer.de\/en\/wp-json\/wp\/v2\/pages\/83"}],"collection":[{"href":"https:\/\/das-shiatsu-zimmer.de\/en\/wp-json\/wp\/v2\/pages"}],"about":[{"href":"https:\/\/das-shiatsu-zimmer.de\/en\/wp-json\/wp\/v2\/types\/page"}],"author":[{"embeddable":true,"href":"https:\/\/das-shiatsu-zimmer.de\/en\/wp-json\/wp\/v2\/users\/2"}],"replies":[{"embeddable":true,"href":"https:\/\/das-shiatsu-zimmer.de\/en\/wp-json\/wp\/v2\/comments?post=83"}],"version-history":[{"count":7,"href":"https:\/\/das-shiatsu-zimmer.de\/en\/wp-json\/wp\/v2\/pages\/83\/revisions"}],"predecessor-version":[{"id":505,"href":"https:\/\/das-shiatsu-zimmer.de\/en\/wp-json\/wp\/v2\/pages\/83\/revisions\/505"}],"wp:attachment":[{"href":"https:\/\/das-shiatsu-zimmer.de\/en\/wp-json\/wp\/v2\/media?parent=83"}],"curies":[{"name":"wp","href":"https:\/\/api.w.org\/{rel}","templated":true}]}}